{"id":13,"date":"2025-06-12T17:22:09","date_gmt":"2025-06-12T17:22:09","guid":{"rendered":"https:\/\/www.klavier-schmieheim.de\/?page_id=13"},"modified":"2025-06-19T15:35:37","modified_gmt":"2025-06-19T14:35:37","slug":"ein-homepage-abschnitt","status":"publish","type":"page","link":"https:\/\/www.klavier-schmieheim.de\/index.php\/ein-homepage-abschnitt\/","title":{"rendered":"Der Unterricht"},"content":{"rendered":"\n<p style=\"text-decoration:underline\">R\u00e4umlichkeiten<\/p>\n\n\n\n<p style=\"font-size:14px\">Der Unterrichtsraum befindet sich mit eigenem Wartebereich in der Parterrewohnung meines Hauses in Schmieheim. Im Fr\u00fchjahr und Sommer sind die Eltern auch eingeladen, w\u00e4hrend des Unterrichts entspannt den Garten zu nutzen. Kleine T\u00fcr-und Angelgespr\u00e4che beg\u00fcnstigen den \u00dcbeprozess zu Hause und laden die Eltern als Teampartner ein. Der Unterrichtsraum ist ausgestattet mit zwei Klavieren, Orffinstrumenten, Notentafeln und vielf\u00e4ltigen sinnlich anregendem Spielmaterial.<\/p>\n\n\n\n<p style=\"text-decoration:underline\">Pianistische Inhalte<\/p>\n\n\n\n<p style=\"font-size:14px\">Im Idealfall beginnt ein Kind bei mir mit ca. 7 Jahren. Nat\u00fcrlich sind auch Quereinsteiger und Erwachsene willkommen &#8211; in \u00dcbereinstimmung mit dem Alter und Sch\u00fclerpers\u00f6nlichkeit passe ich die Unterrichtsinhalte individuell an. Es ist mir wichtig, den Sch\u00fcler insgesamt als Menschen im Auge zu behalten, so da\u00df die komplexen Lerninhalte des Klavierunterrichts die Gesamtentwicklung unterst\u00fctzen.&nbsp;Ich verfolge einen ganzheitlichen Unterrichtsansatz, in dem Lernen auf unterschiedlichen Wahrnehmungsebenen stattfindet. Alle Bausteine werden im flie\u00dfenden Unterrichtsprozess spielerisch vernetzt. Dazu z\u00e4hlen:<\/p>\n\n\n\n<ul class=\"wp-block-list\">\n<li style=\"font-size:14px\">Aufbau des inneren Geh\u00f6rs &#8211; Spielen nach Geh\u00f6r, Auswendigspiel, Improvisation, Singen<\/li>\n\n\n\n<li style=\"font-size:14px\">Aufbau der Technik &#8211; Bausteine (Akkorde, Intervalle, Tonleitern etc.) isoliert und im Zusammenhang kennenlernen, Einzel\u00fcbungen, Et\u00fcden, Literatur, entspannte und korrekte Haltung am Klavier.<\/li>\n\n\n\n<li style=\"font-size:14px\">Emotionale Verbindung herstellen: Innere Bilder, Bedeutung der Musik, Fantasiegeschichten, Tiergestalten<\/li>\n\n\n\n<li style=\"font-size:14px\">Notenkenntnisse lesen und schreiben<\/li>\n\n\n\n<li style=\"font-size:14px\">Rhythmustraining<\/li>\n\n\n\n<li style=\"font-size:14px\">Vom-Blatt-Spiel<\/li>\n\n\n\n<li style=\"font-size:14px\">Musiktheorie<\/li>\n\n\n\n<li style=\"font-size:14px\">Literatur unterschiedlicher Stilrichtungen und Epochen<\/li>\n\n\n\n<li style=\"font-size:14px\">Improvisation<\/li>\n\n\n\n<li style=\"font-size:14px\">Liedbegleitung<\/li>\n<\/ul>\n\n\n\n<p style=\"font-size:14px\">Die Unterrichtsinhalte richten sich ebenfalls nach den Interessen des Sch\u00fclers und werden dementsprechend von ihm mitbestimmt.<\/p>\n\n\n\n<p>Erste Klavierstunde<\/p>\n\n\n\n\n\n<figure class=\"wp-block-video\"><video controls src=\"https:\/\/www.klavier-schmieheim.de\/wp-content\/uploads\/2025\/06\/VIDEO-2025-06-12-18-04-11.mp4\"><\/video><figcaption class=\"wp-element-caption\">Begr\u00fc\u00dfungslied Erste Klavierstunde<\/figcaption><\/figure>\n\n\n\n<p><\/p>\n","protected":false},"excerpt":{"rendered":"<p>R\u00e4umlichkeiten Der Unterrichtsraum befindet sich mit eigenem Wartebereich in der Parterrewohnung meines Hauses in Schmieheim. Im Fr\u00fchjahr und Sommer sind die Eltern auch eingeladen, w\u00e4hrend des Unterrichts entspannt den Garten zu nutzen. Kleine T\u00fcr-und Angelgespr\u00e4che beg\u00fcnstigen den \u00dcbeprozess zu Hause und laden die Eltern als Teampartner ein. Der Unterrichtsraum ist ausgestattet mit zwei Klavieren, Orffinstrumenten, &hellip; <\/p>\n<p class=\"link-more\"><a href=\"https:\/\/www.klavier-schmieheim.de\/index.php\/ein-homepage-abschnitt\/\" class=\"more-link\"><span class=\"screen-reader-text\">\u201eDer Unterricht\u201c <\/span>weiterlesen<\/a><\/p>\n","protected":false},"author":1,"featured_media":0,"parent":0,"menu_order":0,"comment_status":"closed","ping_status":"closed","template":"","meta":{"footnotes":""},"class_list":["post-13","page","type-page","status-publish","hentry"],"aioseo_notices":[],"yoast_head":"<!-- This site is optimized with the Yoast SEO plugin v27.5 - https:\/\/yoast.com\/product\/yoast-seo-wordpress\/ -->\n<title>Der Unterricht - ANNE LAMPRECHT<\/title>\n<meta name=\"robots\" content=\"index, follow, max-snippet:-1, max-image-preview:large, max-video-preview:-1\" \/>\n<link rel=\"canonical\" href=\"https:\/\/www.klavier-schmieheim.de\/index.php\/ein-homepage-abschnitt\/\" \/>\n<meta property=\"og:locale\" content=\"de_DE\" \/>\n<meta property=\"og:type\" content=\"article\" \/>\n<meta property=\"og:title\" content=\"Der Unterricht - ANNE LAMPRECHT\" \/>\n<meta property=\"og:description\" content=\"R\u00e4umlichkeiten Der Unterrichtsraum befindet sich mit eigenem Wartebereich in der Parterrewohnung meines Hauses in Schmieheim. Im Fr\u00fchjahr und Sommer sind die Eltern auch eingeladen, w\u00e4hrend des Unterrichts entspannt den Garten zu nutzen. Kleine T\u00fcr-und Angelgespr\u00e4che beg\u00fcnstigen den \u00dcbeprozess zu Hause und laden die Eltern als Teampartner ein. Der Unterrichtsraum ist ausgestattet mit zwei Klavieren, Orffinstrumenten, &hellip; \u201eDer Unterricht\u201c weiterlesen\" \/>\n<meta property=\"og:url\" content=\"https:\/\/www.klavier-schmieheim.de\/index.php\/ein-homepage-abschnitt\/\" \/>\n<meta property=\"og:site_name\" content=\"ANNE LAMPRECHT\" \/>\n<meta property=\"article:modified_time\" content=\"2025-06-19T14:35:37+00:00\" \/>\n<meta name=\"twitter:card\" content=\"summary_large_image\" \/>\n<meta name=\"twitter:label1\" content=\"Gesch\u00e4tzte Lesezeit\" \/>\n\t<meta name=\"twitter:data1\" content=\"1\u00a0Minute\" \/>\n<script type=\"application\/ld+json\" class=\"yoast-schema-graph\">{\"@context\":\"https:\\\/\\\/schema.org\",\"@graph\":[{\"@type\":\"WebPage\",\"@id\":\"https:\\\/\\\/www.klavier-schmieheim.de\\\/index.php\\\/ein-homepage-abschnitt\\\/\",\"url\":\"https:\\\/\\\/www.klavier-schmieheim.de\\\/index.php\\\/ein-homepage-abschnitt\\\/\",\"name\":\"Der Unterricht - ANNE LAMPRECHT\",\"isPartOf\":{\"@id\":\"https:\\\/\\\/www.klavier-schmieheim.de\\\/#website\"},\"datePublished\":\"2025-06-12T17:22:09+00:00\",\"dateModified\":\"2025-06-19T14:35:37+00:00\",\"breadcrumb\":{\"@id\":\"https:\\\/\\\/www.klavier-schmieheim.de\\\/index.php\\\/ein-homepage-abschnitt\\\/#breadcrumb\"},\"inLanguage\":\"de\",\"potentialAction\":[{\"@type\":\"ReadAction\",\"target\":[\"https:\\\/\\\/www.klavier-schmieheim.de\\\/index.php\\\/ein-homepage-abschnitt\\\/\"]}]},{\"@type\":\"BreadcrumbList\",\"@id\":\"https:\\\/\\\/www.klavier-schmieheim.de\\\/index.php\\\/ein-homepage-abschnitt\\\/#breadcrumb\",\"itemListElement\":[{\"@type\":\"ListItem\",\"position\":1,\"name\":\"Startseite\",\"item\":\"https:\\\/\\\/www.klavier-schmieheim.de\\\/\"},{\"@type\":\"ListItem\",\"position\":2,\"name\":\"Der Unterricht\"}]},{\"@type\":\"WebSite\",\"@id\":\"https:\\\/\\\/www.klavier-schmieheim.de\\\/#website\",\"url\":\"https:\\\/\\\/www.klavier-schmieheim.de\\\/\",\"name\":\"ANNE LAMPRECHT - Klavierunterricht in Schmieheim\",\"description\":\"Klavierunterricht f\u00fcr Kinder und Erwachsene - die Webseite entsteht gerade\",\"potentialAction\":[{\"@type\":\"SearchAction\",\"target\":{\"@type\":\"EntryPoint\",\"urlTemplate\":\"https:\\\/\\\/www.klavier-schmieheim.de\\\/?s={search_term_string}\"},\"query-input\":{\"@type\":\"PropertyValueSpecification\",\"valueRequired\":true,\"valueName\":\"search_term_string\"}}],\"inLanguage\":\"de\"}]}<\/script>\n<!-- \/ Yoast SEO plugin. -->","yoast_head_json":{"title":"Der Unterricht - ANNE LAMPRECHT","robots":{"index":"index","follow":"follow","max-snippet":"max-snippet:-1","max-image-preview":"max-image-preview:large","max-video-preview":"max-video-preview:-1"},"canonical":"https:\/\/www.klavier-schmieheim.de\/index.php\/ein-homepage-abschnitt\/","og_locale":"de_DE","og_type":"article","og_title":"Der Unterricht - ANNE LAMPRECHT","og_description":"R\u00e4umlichkeiten Der Unterrichtsraum befindet sich mit eigenem Wartebereich in der Parterrewohnung meines Hauses in Schmieheim. Im Fr\u00fchjahr und Sommer sind die Eltern auch eingeladen, w\u00e4hrend des Unterrichts entspannt den Garten zu nutzen. Kleine T\u00fcr-und Angelgespr\u00e4che beg\u00fcnstigen den \u00dcbeprozess zu Hause und laden die Eltern als Teampartner ein. Der Unterrichtsraum ist ausgestattet mit zwei Klavieren, Orffinstrumenten, &hellip; \u201eDer Unterricht\u201c weiterlesen","og_url":"https:\/\/www.klavier-schmieheim.de\/index.php\/ein-homepage-abschnitt\/","og_site_name":"ANNE LAMPRECHT","article_modified_time":"2025-06-19T14:35:37+00:00","twitter_card":"summary_large_image","twitter_misc":{"Gesch\u00e4tzte Lesezeit":"1\u00a0Minute"},"schema":{"@context":"https:\/\/schema.org","@graph":[{"@type":"WebPage","@id":"https:\/\/www.klavier-schmieheim.de\/index.php\/ein-homepage-abschnitt\/","url":"https:\/\/www.klavier-schmieheim.de\/index.php\/ein-homepage-abschnitt\/","name":"Der Unterricht - ANNE LAMPRECHT","isPartOf":{"@id":"https:\/\/www.klavier-schmieheim.de\/#website"},"datePublished":"2025-06-12T17:22:09+00:00","dateModified":"2025-06-19T14:35:37+00:00","breadcrumb":{"@id":"https:\/\/www.klavier-schmieheim.de\/index.php\/ein-homepage-abschnitt\/#breadcrumb"},"inLanguage":"de","potentialAction":[{"@type":"ReadAction","target":["https:\/\/www.klavier-schmieheim.de\/index.php\/ein-homepage-abschnitt\/"]}]},{"@type":"BreadcrumbList","@id":"https:\/\/www.klavier-schmieheim.de\/index.php\/ein-homepage-abschnitt\/#breadcrumb","itemListElement":[{"@type":"ListItem","position":1,"name":"Startseite","item":"https:\/\/www.klavier-schmieheim.de\/"},{"@type":"ListItem","position":2,"name":"Der Unterricht"}]},{"@type":"WebSite","@id":"https:\/\/www.klavier-schmieheim.de\/#website","url":"https:\/\/www.klavier-schmieheim.de\/","name":"ANNE LAMPRECHT - Klavierunterricht in Schmieheim","description":"Klavierunterricht f\u00fcr Kinder und Erwachsene - die Webseite entsteht gerade","potentialAction":[{"@type":"SearchAction","target":{"@type":"EntryPoint","urlTemplate":"https:\/\/www.klavier-schmieheim.de\/?s={search_term_string}"},"query-input":{"@type":"PropertyValueSpecification","valueRequired":true,"valueName":"search_term_string"}}],"inLanguage":"de"}]}},"_links":{"self":[{"href":"https:\/\/www.klavier-schmieheim.de\/index.php\/wp-json\/wp\/v2\/pages\/13","targetHints":{"allow":["GET"]}}],"collection":[{"href":"https:\/\/www.klavier-schmieheim.de\/index.php\/wp-json\/wp\/v2\/pages"}],"about":[{"href":"https:\/\/www.klavier-schmieheim.de\/index.php\/wp-json\/wp\/v2\/types\/page"}],"author":[{"embeddable":true,"href":"https:\/\/www.klavier-schmieheim.de\/index.php\/wp-json\/wp\/v2\/users\/1"}],"replies":[{"embeddable":true,"href":"https:\/\/www.klavier-schmieheim.de\/index.php\/wp-json\/wp\/v2\/comments?post=13"}],"version-history":[{"count":12,"href":"https:\/\/www.klavier-schmieheim.de\/index.php\/wp-json\/wp\/v2\/pages\/13\/revisions"}],"predecessor-version":[{"id":176,"href":"https:\/\/www.klavier-schmieheim.de\/index.php\/wp-json\/wp\/v2\/pages\/13\/revisions\/176"}],"wp:attachment":[{"href":"https:\/\/www.klavier-schmieheim.de\/index.php\/wp-json\/wp\/v2\/media?parent=13"}],"curies":[{"name":"wp","href":"https:\/\/api.w.org\/{rel}","templated":true}]}}