{"id":117,"date":"2025-06-14T18:17:17","date_gmt":"2025-06-14T17:17:17","guid":{"rendered":"https:\/\/www.klavier-schmieheim.de\/?page_id=117"},"modified":"2025-06-19T17:13:47","modified_gmt":"2025-06-19T16:13:47","slug":"werdegang","status":"publish","type":"page","link":"https:\/\/www.klavier-schmieheim.de\/index.php\/werdegang\/","title":{"rendered":"Studium"},"content":{"rendered":"\n<ul class=\"wp-block-list\">\n<li>1994-1999 Dipl. Studium Rhythmik (Musik und Bewegung)<\/li>\n\n\n\n<li>1999-2002 Dipl. Studium Korrepetitorin f\u00fcr Tanz\/ Lehrbef\u00e4higung Klavier und Improvisation (Gruppe und Einzel)<\/li>\n<\/ul>\n\n\n\n<p style=\"text-decoration:underline\">1994-1999 Staatliche Hochschule f\u00fcr Musik Trossingen &#8211; Diplomstudium zur Rhythmikp\u00e4dagogin oder \u201eMusik und Bewegung\u201c<\/p>\n\n\n\n<p style=\"font-size:14px\">Es war also sehr passend, als ich zun\u00e4chst durch Zufall (aber mit eindeutigem Bauchgef\u00fchl!) vom Studium \u201eRhythmik\u201c h\u00f6rte &#8211; und an der Musikhochschule Trossingen ein 4 j\u00e4hriges Studium in \u201eMusik und Bewegung\u201c absolvierte, das mir sehr entsprach. Es beinhaltete eine Vielzahl an kreativen, ganzheitlichen musikp\u00e4dagogischen Ans\u00e4tzen, von denen ich heute noch sehr provitiere. Ein riesiges Feld an Kreativit\u00e4t, Kunst, Improvisation und K\u00f6rperarbeit, sowie einem breiten musikalischen Fundament er\u00f6ffnete sich mir.&nbsp;<\/p>\n\n\n\n<p style=\"font-size:14px\">Prof. Barbara Brieger unterrichtete mich in klassischem Klavier, ebenfalls erhielt ich Improvisationsunterricht. Besonders ber\u00fchrte mich der Unterricht \u201eMusik und Bewegung\u201c, in dem wir Studenten uns gegenseitig zur freien Bewegung am Instrument begleiteten. Klavier zu spielen, nahm weiterhin viel Raum ein und f\u00fchrte zu meinem zweiten Studium, das ich l\u00e4ngst geplant hatte:<\/p>\n\n\n\n<p style=\"text-decoration:underline\">1999-2002 Hochschule f\u00fcr Musik und Theater \u201eFelix Mendelssohn Barthold\u201c Leipzig Diplomstudiengang Korrepetition (Tanz) und Improvisation Fach Klavier<\/p>\n\n\n\n<p style=\"font-size:14px\">Klavier war hier Hauptinhalt. Ich hatte bereits alle musiktheoretischen F\u00e4cher abgeschlossen und konzentrierte mich auf das \u00dcben am Klavier. Meinen klassischen Klavierlehrer, Prof. Horst B\u00f6hm, Vater von 4 Kindern, verehrte ich sehr und \u00fcberlie\u00df mich seiner konsequenten und strengen F\u00fchrung. In dem von Prof. Peter Jarchow gegr\u00fcndeten Improvisationsstudiengang geno\u00df ich es, mit T\u00f6nen in Gruppe und Einzelunterricht selbst zu gestalten. Ich schlo\u00df in beiden Disziplinen die methodischen Pr\u00fcfungen zur Unterrichtst\u00e4tigkeit in Klavier und Improvisation erfolgreich (Gruppe und Einzel) ab.<\/p>\n\n\n\n<p style=\"font-size:14px\">Um Geld zu verdienen, begleitete ich w\u00e4hrend des Studiums die Studenten des Musicalstudienganges im Balletttraining am Klavier. Neben der Klavierliteratur aus unterschiedlichen Epochen, besch\u00e4ftigte ich mich speziell mit Ballettliteratur und t\u00e4nzerischer Musik. Ich liebte sehr die Ballettmusik \u201eRomeo und Julia\u201c von Prokofiev und vertiefte mich in meiner Abschlusspr\u00fcfung so sehr in den Geist dieser Musik, da\u00df ich zur Belohnung der gelungenen Pr\u00fcfung einen \u201eSiegesmarsch\u201c improvisieren durfte.&nbsp;<\/p>\n\n\n\n<p style=\"text-decoration:underline\">Berufsjahre<\/p>\n\n\n\n<ul class=\"wp-block-list\">\n<li>1999 &#8211; 2002 Studienjobs in Leipzig: \n<ul class=\"wp-block-list\">\n<li>Begleitung der Studenten der Musicalabteilung Leipzig im Ballettraining<\/li>\n\n\n\n<li>Leitung einer Frauengruppe in Tanzimprovsation<\/li>\n<\/ul>\n<\/li>\n\n\n\n<li>2003-2005 Unterrichtst\u00e4tigkeit an Musikschulen in Baden-W\u00fcrttemberg in Honorar\/-und Festanstellung rhythmisch-musikalische Fr\u00fcherziehung und Klavier<\/li>\n\n\n\n<li>Auff\u00fchrung des selbstkonzipierten Musicals &#8222;die Taschenlampe&#8220; Reithalle Offenburg f\u00fcr Kindergartenkinder (Musikschule Offenburg)<\/li>\n\n\n\n<li>2005 Privater Klavierunterricht in Herbolzheim\/Wallburg und Schmieheim<\/li>\n\n\n\n<li>Musik f\u00fcr Mutter und Kind &#8222;Hasenzahn f\u00e4hrt Bimmelbahn&#8220;  &#8211; eigenes Programm<\/li>\n\n\n\n<li>Pr\u00fcfungspianistin der Meinece Dance Academy Schmieheim<\/li>\n\n\n\n<li>ab 2016 Korrepetitorin f\u00fcr Eurythmie an der freien Waldorfschule Offenburg in Festanstellung<\/li>\n\n\n\n<li>Privater Klavierunterricht in Schmieheim<\/li>\n<\/ul>\n\n\n\n<p style=\"font-size:14px\">Nach meinem Studium entschied ich mich daf\u00fcr, an Musikschulen zu arbeiten.<\/p>\n\n\n\n<p style=\"font-size:14px\">Als Honorarkraft und in Festanstellung unterrichtete ich an vielen verschiedenen Musikschulen im Raum Stuttgart und Baden rhythmisch-musikalische Fr\u00fcherziehung und Klavier, und gestaltete Kindertheater mit eigenen Texten, T\u00e4nzen und Liedern bis ich 2005 Mutter wurde. Zwischen 2005 -2010 kamen meine 4 Kinder auf die Welt, meine Unterrichtst\u00e4tigkeit brach trotzdem nie ganz ab.<\/p>\n\n\n\n<p style=\"font-size:14px\">Ich unterrichtete von nun an privat in Herbolzheim, Wallburg und Schmieheim Klavier. Seit 2016 korrepetiere ich vormittags an der freien Waldorfschule Offenburg im Fach Eurythmie, in der ich Bewegung  improvisierend und nach festgelegter Literatur in allen Altersstufen begleite.<\/p>\n\n\n\n<p style=\"font-size:14px\">Der Klavierunterricht findet seit 2016 in meinem Haus in Schmieheim statt, seit diesem Jahr aufgrund der gr\u00f6\u00dferen Nachfrage in der Parterrewohnung des Hauses.<\/p>\n","protected":false},"excerpt":{"rendered":"<p>1994-1999 Staatliche Hochschule f\u00fcr Musik Trossingen &#8211; Diplomstudium zur Rhythmikp\u00e4dagogin oder \u201eMusik und Bewegung\u201c Es war also sehr passend, als ich zun\u00e4chst durch Zufall (aber mit eindeutigem Bauchgef\u00fchl!) vom Studium \u201eRhythmik\u201c h\u00f6rte &#8211; und an der Musikhochschule Trossingen ein 4 j\u00e4hriges Studium in \u201eMusik und Bewegung\u201c absolvierte, das mir sehr entsprach. Es beinhaltete eine Vielzahl &hellip; <\/p>\n<p class=\"link-more\"><a href=\"https:\/\/www.klavier-schmieheim.de\/index.php\/werdegang\/\" class=\"more-link\"><span class=\"screen-reader-text\">\u201eStudium\u201c <\/span>weiterlesen<\/a><\/p>\n","protected":false},"author":1,"featured_media":0,"parent":0,"menu_order":0,"comment_status":"closed","ping_status":"closed","template":"","meta":{"footnotes":""},"class_list":["post-117","page","type-page","status-publish","hentry"],"aioseo_notices":[],"yoast_head":"<!-- This site is optimized with the Yoast SEO plugin v27.5 - https:\/\/yoast.com\/product\/yoast-seo-wordpress\/ -->\n<title>Studium - ANNE LAMPRECHT<\/title>\n<meta name=\"robots\" content=\"index, follow, max-snippet:-1, max-image-preview:large, max-video-preview:-1\" \/>\n<link rel=\"canonical\" href=\"https:\/\/www.klavier-schmieheim.de\/index.php\/werdegang\/\" \/>\n<meta property=\"og:locale\" content=\"de_DE\" \/>\n<meta property=\"og:type\" content=\"article\" \/>\n<meta property=\"og:title\" content=\"Studium - ANNE LAMPRECHT\" \/>\n<meta property=\"og:description\" content=\"1994-1999 Staatliche Hochschule f\u00fcr Musik Trossingen &#8211; Diplomstudium zur Rhythmikp\u00e4dagogin oder \u201eMusik und Bewegung\u201c Es war also sehr passend, als ich zun\u00e4chst durch Zufall (aber mit eindeutigem Bauchgef\u00fchl!) vom Studium \u201eRhythmik\u201c h\u00f6rte &#8211; und an der Musikhochschule Trossingen ein 4 j\u00e4hriges Studium in \u201eMusik und Bewegung\u201c absolvierte, das mir sehr entsprach. Es beinhaltete eine Vielzahl &hellip; \u201eStudium\u201c weiterlesen\" \/>\n<meta property=\"og:url\" content=\"https:\/\/www.klavier-schmieheim.de\/index.php\/werdegang\/\" \/>\n<meta property=\"og:site_name\" content=\"ANNE LAMPRECHT\" \/>\n<meta property=\"article:modified_time\" content=\"2025-06-19T16:13:47+00:00\" \/>\n<meta name=\"twitter:card\" content=\"summary_large_image\" \/>\n<meta name=\"twitter:label1\" content=\"Gesch\u00e4tzte Lesezeit\" \/>\n\t<meta name=\"twitter:data1\" content=\"3\u00a0Minuten\" \/>\n<script type=\"application\/ld+json\" class=\"yoast-schema-graph\">{\"@context\":\"https:\\\/\\\/schema.org\",\"@graph\":[{\"@type\":\"WebPage\",\"@id\":\"https:\\\/\\\/www.klavier-schmieheim.de\\\/index.php\\\/werdegang\\\/\",\"url\":\"https:\\\/\\\/www.klavier-schmieheim.de\\\/index.php\\\/werdegang\\\/\",\"name\":\"Studium - ANNE LAMPRECHT\",\"isPartOf\":{\"@id\":\"https:\\\/\\\/www.klavier-schmieheim.de\\\/#website\"},\"datePublished\":\"2025-06-14T17:17:17+00:00\",\"dateModified\":\"2025-06-19T16:13:47+00:00\",\"breadcrumb\":{\"@id\":\"https:\\\/\\\/www.klavier-schmieheim.de\\\/index.php\\\/werdegang\\\/#breadcrumb\"},\"inLanguage\":\"de\",\"potentialAction\":[{\"@type\":\"ReadAction\",\"target\":[\"https:\\\/\\\/www.klavier-schmieheim.de\\\/index.php\\\/werdegang\\\/\"]}]},{\"@type\":\"BreadcrumbList\",\"@id\":\"https:\\\/\\\/www.klavier-schmieheim.de\\\/index.php\\\/werdegang\\\/#breadcrumb\",\"itemListElement\":[{\"@type\":\"ListItem\",\"position\":1,\"name\":\"Startseite\",\"item\":\"https:\\\/\\\/www.klavier-schmieheim.de\\\/\"},{\"@type\":\"ListItem\",\"position\":2,\"name\":\"Studium\"}]},{\"@type\":\"WebSite\",\"@id\":\"https:\\\/\\\/www.klavier-schmieheim.de\\\/#website\",\"url\":\"https:\\\/\\\/www.klavier-schmieheim.de\\\/\",\"name\":\"ANNE LAMPRECHT - Klavierunterricht in Schmieheim\",\"description\":\"Klavierunterricht f\u00fcr Kinder und Erwachsene - die Webseite entsteht gerade\",\"potentialAction\":[{\"@type\":\"SearchAction\",\"target\":{\"@type\":\"EntryPoint\",\"urlTemplate\":\"https:\\\/\\\/www.klavier-schmieheim.de\\\/?s={search_term_string}\"},\"query-input\":{\"@type\":\"PropertyValueSpecification\",\"valueRequired\":true,\"valueName\":\"search_term_string\"}}],\"inLanguage\":\"de\"}]}<\/script>\n<!-- \/ Yoast SEO plugin. -->","yoast_head_json":{"title":"Studium - ANNE LAMPRECHT","robots":{"index":"index","follow":"follow","max-snippet":"max-snippet:-1","max-image-preview":"max-image-preview:large","max-video-preview":"max-video-preview:-1"},"canonical":"https:\/\/www.klavier-schmieheim.de\/index.php\/werdegang\/","og_locale":"de_DE","og_type":"article","og_title":"Studium - ANNE LAMPRECHT","og_description":"1994-1999 Staatliche Hochschule f\u00fcr Musik Trossingen &#8211; Diplomstudium zur Rhythmikp\u00e4dagogin oder \u201eMusik und Bewegung\u201c Es war also sehr passend, als ich zun\u00e4chst durch Zufall (aber mit eindeutigem Bauchgef\u00fchl!) vom Studium \u201eRhythmik\u201c h\u00f6rte &#8211; und an der Musikhochschule Trossingen ein 4 j\u00e4hriges Studium in \u201eMusik und Bewegung\u201c absolvierte, das mir sehr entsprach. Es beinhaltete eine Vielzahl &hellip; \u201eStudium\u201c weiterlesen","og_url":"https:\/\/www.klavier-schmieheim.de\/index.php\/werdegang\/","og_site_name":"ANNE LAMPRECHT","article_modified_time":"2025-06-19T16:13:47+00:00","twitter_card":"summary_large_image","twitter_misc":{"Gesch\u00e4tzte Lesezeit":"3\u00a0Minuten"},"schema":{"@context":"https:\/\/schema.org","@graph":[{"@type":"WebPage","@id":"https:\/\/www.klavier-schmieheim.de\/index.php\/werdegang\/","url":"https:\/\/www.klavier-schmieheim.de\/index.php\/werdegang\/","name":"Studium - ANNE LAMPRECHT","isPartOf":{"@id":"https:\/\/www.klavier-schmieheim.de\/#website"},"datePublished":"2025-06-14T17:17:17+00:00","dateModified":"2025-06-19T16:13:47+00:00","breadcrumb":{"@id":"https:\/\/www.klavier-schmieheim.de\/index.php\/werdegang\/#breadcrumb"},"inLanguage":"de","potentialAction":[{"@type":"ReadAction","target":["https:\/\/www.klavier-schmieheim.de\/index.php\/werdegang\/"]}]},{"@type":"BreadcrumbList","@id":"https:\/\/www.klavier-schmieheim.de\/index.php\/werdegang\/#breadcrumb","itemListElement":[{"@type":"ListItem","position":1,"name":"Startseite","item":"https:\/\/www.klavier-schmieheim.de\/"},{"@type":"ListItem","position":2,"name":"Studium"}]},{"@type":"WebSite","@id":"https:\/\/www.klavier-schmieheim.de\/#website","url":"https:\/\/www.klavier-schmieheim.de\/","name":"ANNE LAMPRECHT - Klavierunterricht in Schmieheim","description":"Klavierunterricht f\u00fcr Kinder und Erwachsene - die Webseite entsteht gerade","potentialAction":[{"@type":"SearchAction","target":{"@type":"EntryPoint","urlTemplate":"https:\/\/www.klavier-schmieheim.de\/?s={search_term_string}"},"query-input":{"@type":"PropertyValueSpecification","valueRequired":true,"valueName":"search_term_string"}}],"inLanguage":"de"}]}},"_links":{"self":[{"href":"https:\/\/www.klavier-schmieheim.de\/index.php\/wp-json\/wp\/v2\/pages\/117","targetHints":{"allow":["GET"]}}],"collection":[{"href":"https:\/\/www.klavier-schmieheim.de\/index.php\/wp-json\/wp\/v2\/pages"}],"about":[{"href":"https:\/\/www.klavier-schmieheim.de\/index.php\/wp-json\/wp\/v2\/types\/page"}],"author":[{"embeddable":true,"href":"https:\/\/www.klavier-schmieheim.de\/index.php\/wp-json\/wp\/v2\/users\/1"}],"replies":[{"embeddable":true,"href":"https:\/\/www.klavier-schmieheim.de\/index.php\/wp-json\/wp\/v2\/comments?post=117"}],"version-history":[{"count":8,"href":"https:\/\/www.klavier-schmieheim.de\/index.php\/wp-json\/wp\/v2\/pages\/117\/revisions"}],"predecessor-version":[{"id":175,"href":"https:\/\/www.klavier-schmieheim.de\/index.php\/wp-json\/wp\/v2\/pages\/117\/revisions\/175"}],"wp:attachment":[{"href":"https:\/\/www.klavier-schmieheim.de\/index.php\/wp-json\/wp\/v2\/media?parent=117"}],"curies":[{"name":"wp","href":"https:\/\/api.w.org\/{rel}","templated":true}]}}