{"id":10,"date":"2025-06-12T17:22:09","date_gmt":"2025-06-12T17:22:09","guid":{"rendered":"https:\/\/www.klavier-schmieheim.de\/?page_id=10"},"modified":"2025-06-20T13:00:13","modified_gmt":"2025-06-20T12:00:13","slug":"ueber","status":"publish","type":"page","link":"https:\/\/www.klavier-schmieheim.de\/index.php\/ueber\/","title":{"rendered":"\u00dcber mich"},"content":{"rendered":"\n<div class=\"wp-block-media-text is-stacked-on-mobile is-vertically-aligned-center\"><figure class=\"wp-block-media-text__media\"><img loading=\"lazy\" decoding=\"async\" width=\"731\" height=\"1024\" src=\"https:\/\/www.klavier-schmieheim.de\/wp-content\/uploads\/2025\/06\/IMG_6965-731x1024.jpg\" alt=\"\" class=\"wp-image-96 size-full\" srcset=\"https:\/\/www.klavier-schmieheim.de\/wp-content\/uploads\/2025\/06\/IMG_6965-731x1024.jpg 731w, https:\/\/www.klavier-schmieheim.de\/wp-content\/uploads\/2025\/06\/IMG_6965-214x300.jpg 214w, https:\/\/www.klavier-schmieheim.de\/wp-content\/uploads\/2025\/06\/IMG_6965-768x1075.jpg 768w, https:\/\/www.klavier-schmieheim.de\/wp-content\/uploads\/2025\/06\/IMG_6965-1097x1536.jpg 1097w, https:\/\/www.klavier-schmieheim.de\/wp-content\/uploads\/2025\/06\/IMG_6965-1463x2048.jpg 1463w, https:\/\/www.klavier-schmieheim.de\/wp-content\/uploads\/2025\/06\/IMG_6965-scaled.jpg 1829w\" sizes=\"auto, (max-width: 731px) 100vw, 731px\" \/><\/figure><div class=\"wp-block-media-text__content\">\n<p class=\"has-text-align-center has-large-font-size\">Anne Lamprecht<\/p>\n<\/div><\/div>\n\n\n\n<ul class=\"wp-block-list\">\n<li>JG 1974<\/li>\n\n\n\n<li>Dipl. Musikp\u00e4dagogin Klavier\/Improvisation\/Rhythmik <\/li>\n\n\n\n<li>Dipl. Korrepetitorin f\u00fcr Tanz<\/li>\n\n\n\n<li>Klavierbegleiterin an der freien Waldorfschule Offenburg<\/li>\n\n\n\n<li>Privatklavierlehrerin in Schmieheim<\/li>\n\n\n\n<li>Mutter von 4 Kindern<\/li>\n<\/ul>\n\n\n\n<p style=\"font-size:14px\"><strong>Musik in Kindheit und Jugend<\/strong><\/p>\n\n\n\n<p style=\"font-size:14px\">Ich bin 1974 geboren, aufgewachsen in einer badischen Kleinstadt. Musik hat sich wie ein rotes Band durch meine Kindheit und Jugend gezogen, und keiner wei\u00df genau, wo dieser Pfad seine Anf\u00e4nge nahm.&nbsp;<\/p>\n\n\n\n<div class=\"wp-block-group is-nowrap is-layout-flex wp-container-core-group-is-layout-ad2f72ca wp-block-group-is-layout-flex\">\n<p style=\"font-size:14px\">Waren es die Gro\u00dfeltern aus dem Hotzenwald, die beim Absp\u00fclen von Hand in seltener Harmonie zweistimmige Volkslieder anstimmten? Oder mein Vater, der mit mir sang, mir Gitarrengriffe und Blockfl\u00f6te beibrachte und einen Klavierlehrer organisierte? Der auf dem gleichnamigen musischen Gymnasium in Meersburg war, wie meine 4 Kinder heute in Lahr? Meine Mutter, die gerne franz\u00f6sische Chansons mit aller Inbrunst anstimmte und gerne tanzte? Oder mein Onkel, der einfach ohne Noten ein paar coole Jazzstandarts am Klavier herunterfetzte und tiefe Eindr\u00fccke hinterlie\u00df?&nbsp;<\/p>\n<\/div>\n\n\n\n<p style=\"font-size:14px\">Klar war immer: Musik ist wertvoll und wichtig! Ohne Musik wird kein Fest gefeiert. Wer Musik macht, der wird geh\u00f6rt! <\/p>\n\n\n\n<p style=\"font-size:14px\">Ich erhielt den ersten Klavierunterricht mit 6 Jahren. Je \u00e4lter ich wurde, desto mehr wurde das Klavierspielen zum Ventil &#8211; kam ich von der Schule, erz\u00e4hlte ich ihm alles! Manchmal so vehement, langanhaltend und laut, da\u00df es im Gemeinschaftsbereich zu Beschwerden kam.<\/p>\n\n\n\n<p style=\"font-size:14px\">Ein paar Jahre im Jugendalter entdeckte ich Musik ebenfalls im Tanz und auch diese Leidenschaft ist bis heute nicht abgeebbt. Das brachte etwas Ruhe ins Haus, und ein Teil der Familie atmete auf, als ich zum Tanzen einige Stunden das Haus verlie\u00df.<\/p>\n\n\n\n<figure class=\"wp-block-gallery has-nested-images columns-default is-cropped wp-block-gallery-1 is-layout-flex wp-block-gallery-is-layout-flex\">\n<figure class=\"wp-block-image size-large\"><img loading=\"lazy\" decoding=\"async\" width=\"454\" height=\"480\" data-id=\"74\" src=\"https:\/\/www.klavier-schmieheim.de\/wp-content\/uploads\/2025\/06\/IMG_21532.jpg\" alt=\"\" class=\"wp-image-74\" srcset=\"https:\/\/www.klavier-schmieheim.de\/wp-content\/uploads\/2025\/06\/IMG_21532.jpg 454w, https:\/\/www.klavier-schmieheim.de\/wp-content\/uploads\/2025\/06\/IMG_21532-284x300.jpg 284w\" sizes=\"auto, (max-width: 454px) 100vw, 454px\" \/><\/figure>\n<\/figure>\n\n\n\n<p style=\"font-size:18px\"><\/p>\n\n\n\n<p style=\"font-size:14px\"><\/p>\n\n\n\n<p style=\"text-decoration:underline\"><\/p>\n\n\n\n<div class=\"wp-block-group\"><div class=\"wp-block-group__inner-container is-layout-constrained wp-block-group-is-layout-constrained\"><\/div><\/div>\n","protected":false},"excerpt":{"rendered":"<p>Anne Lamprecht Musik in Kindheit und Jugend Ich bin 1974 geboren, aufgewachsen in einer badischen Kleinstadt. Musik hat sich wie ein rotes Band durch meine Kindheit und Jugend gezogen, und keiner wei\u00df genau, wo dieser Pfad seine Anf\u00e4nge nahm.&nbsp; Waren es die Gro\u00dfeltern aus dem Hotzenwald, die beim Absp\u00fclen von Hand in seltener Harmonie zweistimmige &hellip; <\/p>\n<p class=\"link-more\"><a href=\"https:\/\/www.klavier-schmieheim.de\/index.php\/ueber\/\" class=\"more-link\"><span class=\"screen-reader-text\">\u201e\u00dcber mich\u201c <\/span>weiterlesen<\/a><\/p>\n","protected":false},"author":1,"featured_media":0,"parent":0,"menu_order":0,"comment_status":"closed","ping_status":"closed","template":"","meta":{"footnotes":""},"class_list":["post-10","page","type-page","status-publish","hentry"],"aioseo_notices":[],"yoast_head":"<!-- This site is optimized with the Yoast SEO plugin v27.5 - https:\/\/yoast.com\/product\/yoast-seo-wordpress\/ -->\n<title>\u00dcber mich - ANNE LAMPRECHT<\/title>\n<meta name=\"robots\" content=\"index, follow, max-snippet:-1, max-image-preview:large, max-video-preview:-1\" \/>\n<link rel=\"canonical\" href=\"https:\/\/www.klavier-schmieheim.de\/index.php\/ueber\/\" \/>\n<meta property=\"og:locale\" content=\"de_DE\" \/>\n<meta property=\"og:type\" content=\"article\" \/>\n<meta property=\"og:title\" content=\"\u00dcber mich - ANNE LAMPRECHT\" \/>\n<meta property=\"og:description\" content=\"Anne Lamprecht Musik in Kindheit und Jugend Ich bin 1974 geboren, aufgewachsen in einer badischen Kleinstadt. Musik hat sich wie ein rotes Band durch meine Kindheit und Jugend gezogen, und keiner wei\u00df genau, wo dieser Pfad seine Anf\u00e4nge nahm.&nbsp; Waren es die Gro\u00dfeltern aus dem Hotzenwald, die beim Absp\u00fclen von Hand in seltener Harmonie zweistimmige &hellip; \u201e\u00dcber mich\u201c weiterlesen\" \/>\n<meta property=\"og:url\" content=\"https:\/\/www.klavier-schmieheim.de\/index.php\/ueber\/\" \/>\n<meta property=\"og:site_name\" content=\"ANNE LAMPRECHT\" \/>\n<meta property=\"article:modified_time\" content=\"2025-06-20T12:00:13+00:00\" \/>\n<meta property=\"og:image\" content=\"https:\/\/www.klavier-schmieheim.de\/wp-content\/uploads\/2025\/06\/IMG_6965-731x1024.jpg\" \/>\n<meta name=\"twitter:card\" content=\"summary_large_image\" \/>\n<meta name=\"twitter:label1\" content=\"Gesch\u00e4tzte Lesezeit\" \/>\n\t<meta name=\"twitter:data1\" content=\"1\u00a0Minute\" \/>\n<script type=\"application\/ld+json\" class=\"yoast-schema-graph\">{\"@context\":\"https:\\\/\\\/schema.org\",\"@graph\":[{\"@type\":\"WebPage\",\"@id\":\"https:\\\/\\\/www.klavier-schmieheim.de\\\/index.php\\\/ueber\\\/\",\"url\":\"https:\\\/\\\/www.klavier-schmieheim.de\\\/index.php\\\/ueber\\\/\",\"name\":\"\u00dcber mich - ANNE LAMPRECHT\",\"isPartOf\":{\"@id\":\"https:\\\/\\\/www.klavier-schmieheim.de\\\/#website\"},\"primaryImageOfPage\":{\"@id\":\"https:\\\/\\\/www.klavier-schmieheim.de\\\/index.php\\\/ueber\\\/#primaryimage\"},\"image\":{\"@id\":\"https:\\\/\\\/www.klavier-schmieheim.de\\\/index.php\\\/ueber\\\/#primaryimage\"},\"thumbnailUrl\":\"https:\\\/\\\/www.klavier-schmieheim.de\\\/wp-content\\\/uploads\\\/2025\\\/06\\\/IMG_6965-731x1024.jpg\",\"datePublished\":\"2025-06-12T17:22:09+00:00\",\"dateModified\":\"2025-06-20T12:00:13+00:00\",\"breadcrumb\":{\"@id\":\"https:\\\/\\\/www.klavier-schmieheim.de\\\/index.php\\\/ueber\\\/#breadcrumb\"},\"inLanguage\":\"de\",\"potentialAction\":[{\"@type\":\"ReadAction\",\"target\":[\"https:\\\/\\\/www.klavier-schmieheim.de\\\/index.php\\\/ueber\\\/\"]}]},{\"@type\":\"ImageObject\",\"inLanguage\":\"de\",\"@id\":\"https:\\\/\\\/www.klavier-schmieheim.de\\\/index.php\\\/ueber\\\/#primaryimage\",\"url\":\"https:\\\/\\\/www.klavier-schmieheim.de\\\/wp-content\\\/uploads\\\/2025\\\/06\\\/IMG_6965-scaled.jpg\",\"contentUrl\":\"https:\\\/\\\/www.klavier-schmieheim.de\\\/wp-content\\\/uploads\\\/2025\\\/06\\\/IMG_6965-scaled.jpg\",\"width\":1829,\"height\":2560},{\"@type\":\"BreadcrumbList\",\"@id\":\"https:\\\/\\\/www.klavier-schmieheim.de\\\/index.php\\\/ueber\\\/#breadcrumb\",\"itemListElement\":[{\"@type\":\"ListItem\",\"position\":1,\"name\":\"Startseite\",\"item\":\"https:\\\/\\\/www.klavier-schmieheim.de\\\/\"},{\"@type\":\"ListItem\",\"position\":2,\"name\":\"\u00dcber mich\"}]},{\"@type\":\"WebSite\",\"@id\":\"https:\\\/\\\/www.klavier-schmieheim.de\\\/#website\",\"url\":\"https:\\\/\\\/www.klavier-schmieheim.de\\\/\",\"name\":\"ANNE LAMPRECHT - Klavierunterricht in Schmieheim\",\"description\":\"Klavierunterricht f\u00fcr Kinder und Erwachsene - die Webseite entsteht gerade\",\"potentialAction\":[{\"@type\":\"SearchAction\",\"target\":{\"@type\":\"EntryPoint\",\"urlTemplate\":\"https:\\\/\\\/www.klavier-schmieheim.de\\\/?s={search_term_string}\"},\"query-input\":{\"@type\":\"PropertyValueSpecification\",\"valueRequired\":true,\"valueName\":\"search_term_string\"}}],\"inLanguage\":\"de\"}]}<\/script>\n<!-- \/ Yoast SEO plugin. -->","yoast_head_json":{"title":"\u00dcber mich - ANNE LAMPRECHT","robots":{"index":"index","follow":"follow","max-snippet":"max-snippet:-1","max-image-preview":"max-image-preview:large","max-video-preview":"max-video-preview:-1"},"canonical":"https:\/\/www.klavier-schmieheim.de\/index.php\/ueber\/","og_locale":"de_DE","og_type":"article","og_title":"\u00dcber mich - ANNE LAMPRECHT","og_description":"Anne Lamprecht Musik in Kindheit und Jugend Ich bin 1974 geboren, aufgewachsen in einer badischen Kleinstadt. Musik hat sich wie ein rotes Band durch meine Kindheit und Jugend gezogen, und keiner wei\u00df genau, wo dieser Pfad seine Anf\u00e4nge nahm.&nbsp; Waren es die Gro\u00dfeltern aus dem Hotzenwald, die beim Absp\u00fclen von Hand in seltener Harmonie zweistimmige &hellip; \u201e\u00dcber mich\u201c weiterlesen","og_url":"https:\/\/www.klavier-schmieheim.de\/index.php\/ueber\/","og_site_name":"ANNE LAMPRECHT","article_modified_time":"2025-06-20T12:00:13+00:00","og_image":[{"url":"https:\/\/www.klavier-schmieheim.de\/wp-content\/uploads\/2025\/06\/IMG_6965-731x1024.jpg","type":"","width":"","height":""}],"twitter_card":"summary_large_image","twitter_misc":{"Gesch\u00e4tzte Lesezeit":"1\u00a0Minute"},"schema":{"@context":"https:\/\/schema.org","@graph":[{"@type":"WebPage","@id":"https:\/\/www.klavier-schmieheim.de\/index.php\/ueber\/","url":"https:\/\/www.klavier-schmieheim.de\/index.php\/ueber\/","name":"\u00dcber mich - ANNE LAMPRECHT","isPartOf":{"@id":"https:\/\/www.klavier-schmieheim.de\/#website"},"primaryImageOfPage":{"@id":"https:\/\/www.klavier-schmieheim.de\/index.php\/ueber\/#primaryimage"},"image":{"@id":"https:\/\/www.klavier-schmieheim.de\/index.php\/ueber\/#primaryimage"},"thumbnailUrl":"https:\/\/www.klavier-schmieheim.de\/wp-content\/uploads\/2025\/06\/IMG_6965-731x1024.jpg","datePublished":"2025-06-12T17:22:09+00:00","dateModified":"2025-06-20T12:00:13+00:00","breadcrumb":{"@id":"https:\/\/www.klavier-schmieheim.de\/index.php\/ueber\/#breadcrumb"},"inLanguage":"de","potentialAction":[{"@type":"ReadAction","target":["https:\/\/www.klavier-schmieheim.de\/index.php\/ueber\/"]}]},{"@type":"ImageObject","inLanguage":"de","@id":"https:\/\/www.klavier-schmieheim.de\/index.php\/ueber\/#primaryimage","url":"https:\/\/www.klavier-schmieheim.de\/wp-content\/uploads\/2025\/06\/IMG_6965-scaled.jpg","contentUrl":"https:\/\/www.klavier-schmieheim.de\/wp-content\/uploads\/2025\/06\/IMG_6965-scaled.jpg","width":1829,"height":2560},{"@type":"BreadcrumbList","@id":"https:\/\/www.klavier-schmieheim.de\/index.php\/ueber\/#breadcrumb","itemListElement":[{"@type":"ListItem","position":1,"name":"Startseite","item":"https:\/\/www.klavier-schmieheim.de\/"},{"@type":"ListItem","position":2,"name":"\u00dcber mich"}]},{"@type":"WebSite","@id":"https:\/\/www.klavier-schmieheim.de\/#website","url":"https:\/\/www.klavier-schmieheim.de\/","name":"ANNE LAMPRECHT - Klavierunterricht in Schmieheim","description":"Klavierunterricht f\u00fcr Kinder und Erwachsene - die Webseite entsteht gerade","potentialAction":[{"@type":"SearchAction","target":{"@type":"EntryPoint","urlTemplate":"https:\/\/www.klavier-schmieheim.de\/?s={search_term_string}"},"query-input":{"@type":"PropertyValueSpecification","valueRequired":true,"valueName":"search_term_string"}}],"inLanguage":"de"}]}},"_links":{"self":[{"href":"https:\/\/www.klavier-schmieheim.de\/index.php\/wp-json\/wp\/v2\/pages\/10","targetHints":{"allow":["GET"]}}],"collection":[{"href":"https:\/\/www.klavier-schmieheim.de\/index.php\/wp-json\/wp\/v2\/pages"}],"about":[{"href":"https:\/\/www.klavier-schmieheim.de\/index.php\/wp-json\/wp\/v2\/types\/page"}],"author":[{"embeddable":true,"href":"https:\/\/www.klavier-schmieheim.de\/index.php\/wp-json\/wp\/v2\/users\/1"}],"replies":[{"embeddable":true,"href":"https:\/\/www.klavier-schmieheim.de\/index.php\/wp-json\/wp\/v2\/comments?post=10"}],"version-history":[{"count":11,"href":"https:\/\/www.klavier-schmieheim.de\/index.php\/wp-json\/wp\/v2\/pages\/10\/revisions"}],"predecessor-version":[{"id":170,"href":"https:\/\/www.klavier-schmieheim.de\/index.php\/wp-json\/wp\/v2\/pages\/10\/revisions\/170"}],"wp:attachment":[{"href":"https:\/\/www.klavier-schmieheim.de\/index.php\/wp-json\/wp\/v2\/media?parent=10"}],"curies":[{"name":"wp","href":"https:\/\/api.w.org\/{rel}","templated":true}]}}